{"id":810,"date":"2018-05-16T20:27:07","date_gmt":"2018-05-16T20:27:07","guid":{"rendered":"http:\/\/lauftreffhagen-emst.de\/?page_id=810"},"modified":"2018-05-17T08:19:12","modified_gmt":"2018-05-17T08:19:12","slug":"datenschutzerklaerung","status":"publish","type":"page","link":"https:\/\/lauftreffhagen-emst.de\/?page_id=810","title":{"rendered":"Datenschutzerkl\u00e4rung"},"content":{"rendered":"<p>Wir respektieren Ihre Privat- und Pers\u00f6nlichkeitssph\u00e4re.<br \/>\nDie Verantwortlichen f\u00fcr diese Website finden Sie hier in der <a href=\"https:\/\/lauftreffhagen-emst.de\/?page_id=153\" target=\"_blank\" rel=\"noopener\">Anbieterkennzeichnung<\/a>.<br \/>\nWir verpflichten uns, die gesetzlichen Bestimmungen zum Datenschutz, die insbesondere in der EU-Datenschutz-Grundverordnung (DSGVO) und im Telemediengesetz (TMG) geregelt sind, einzuhalten. Wir behandeln Ihre personenbezogenen Daten vertraulich und entsprechend der gesetzlichen Datenschutzvorschriften sowie dieser Datenschutzerkl\u00e4rung.<br \/>\nDer Schutz der Privatsph\u00e4re bei der Verarbeitung pers\u00f6nlicher Daten ist uns ein wichtiges Anliegen, das wir sehr ernst nehmen. Vertraulich und gem\u00e4\u00df den gesetzlichen Bestimmungen verarbeiten wir pers\u00f6nliche Daten, die bei Ihrem Besuch unserer Webseiten erhoben werden. Daher m\u00f6chten wir, dass Sie wissen, wann wir welche Daten erheben und wie wir sie verwenden. Die Webseite kann Querverweise (Links) zu anderen Anbietern enthalten, auf die sich diese Datenschutzerkl\u00e4rung nicht erstreckt. Sie sollten daher stets die angebotenen Datenschutzerkl\u00e4rungen pr\u00fcfen. Im Zuge der Weiterentwicklung unserer Internetseiten und der Implementierung neuer Technologien k\u00f6nnen auch \u00c4nderungen dieser Datenschutzerkl\u00e4rungen erforderlich werden. Daher empfehlen wir Ihnen, sich diese Datenschutzerkl\u00e4rungen ab und zu erneut durchzulesen.<\/p>\n<p><strong>Erhebung und Verarbeitung pers\u00f6nlicher Daten<\/strong><br \/>\nDie Nutzung unserer Webseite ist in der Regel ohne Angabe personenbezogener Daten m\u00f6glich. Soweit auf unseren Seiten personenbezogene Daten (beispielsweise Name, Anschrift oder E-Mail-Adressen) erhoben werden, erfolgt dies, soweit m\u00f6glich, stets auf freiwilliger Basis. Diese Daten werden ohne Ihre ausdr\u00fcckliche Zustimmung nicht an Dritte weitergegeben. Wir weisen darauf hin, dass die Daten\u00fcbertragung im Internet (z.B. bei der Kommunikation per E-Mail) Sicherheitsl\u00fccken aufweisen kann. Ein l\u00fcckenloser Schutz der Daten vor dem Zugriff durch Dritte ist nicht m\u00f6glich.<br \/>\nWenn Sie uns Anfragen per E-Mail-Kontaktaufnahme zukommen lassen, werden Ihre Angaben inklusive der von Ihnen dort angegebenen Kontaktdaten bzw. die Angaben des E-Mail-Nutzers zwecks Bearbeitung der Anfrage sowie f\u00fcr den Fall von Anschlussfragen bei uns gespeichert. Diese Daten geben wir nicht ohne Ihre Einwilligung weiter.<br \/>\nUnsere zugriffsberechtigen Mitglieder sind von uns zur Verschwiegenheit und zur Beachtung des Datengeheimnisses verpflichtet.<\/p>\n<p><strong>Jugendschutz<\/strong><br \/>\nKinder und Jugendliche unter 16 Jahren sollen nicht ohne Zustimmung Ihrer Eltern pers\u00f6nliche Daten \u00fcbermitteln.<br \/>\n<strong><br \/>\nZugriffsdaten\/ Server-Logfiles<\/strong><br \/>\nUnser Webspace-Provider erhebt Daten \u00fcber jeden Zugriff auf das Angebot (so genannte Serverlogfiles). Log-Daten werden auf den Servern auch erfasst, wenn Sie unsere Webseiten aufrufen. Log-Daten enthalten die IP-Adresse des Ger\u00e4tes, mit dem Sie auf die Website oder einen Dienst zugreifen, die Art des Browsers, mit dem Sie zugreifen, die Webseite, die Sie zuvor besucht haben, Ihre Systemkonfiguration sowie Datum und Zeitangaben. Der Provider speichert IP-Adressen nur, soweit es zur Erbringung unserer Dienste erforderlich ist. Ansonsten werden die IP-Adressen gel\u00f6scht oder anonymisiert. Ihre IP-Adresse beim Besuch unserer Website wird nur zur Erkennung und Abwehr von Angriffen maximal 7 Tage lang gespeichert.<\/p>\n<p><strong>Nutzung und Weitergabe personenbezogener Daten<\/strong><br \/>\nSoweit Sie uns personenbezogene Daten zur Verf\u00fcgung gestellt haben, verwenden wir diese nur zur Beantwortung Ihrer Anfragen. Ihre personenbezogenen Daten werden an Dritte nur weitergegeben oder sonst \u00fcbermittelt, wenn dies zum Zwecke Ihrer Anfrage erforderlich ist, bzw. Sie zuvor eingewilligt haben. Sie haben das Recht, eine erteilte Einwilligung mit Wirkung f\u00fcr die Zukunft jederzeit zu widerrufen. Dies schlie\u00dft jedoch nicht die Weitergabe an staatliche Stellen (z.B. Strafverfolgungsbeh\u00f6rden) aus, soweit deutsches oder europ\u00e4isches Recht eine solche Weitergabe verlangt.<br \/>\nDie L\u00f6schung der gespeicherten personenbezogenen Daten erfolgt, wenn Sie Ihre Einwilligung zur Speicherung widerrufen, wenn ihre Kenntnis zur Erf\u00fcllung des mit der Speicherung verfolgten Zwecks nicht mehr erforderlich ist oder wenn ihre Speicherung aus sonstigen gesetzlichen Gr\u00fcnden unzul\u00e4ssig ist.<br \/>\n<strong><br \/>\nOpenStreetMap<\/strong><br \/>\nZur Darstellung von Geo-Daten verwenden wir das Open-Source-Mapping-Werkzeug \u201eOpenStreetMap\u201c (OSM). OpenStreetMap ist ein Service der Openstreetmap Foundation, 132 Maney Hill Road, Sutton Coldfield, West Midlands, B72 1JU, United Kingdom. Damit Ihnen die Karte angezeigt werden kann, wird Ihre IP-Adresse an OpenStreetMap weitergeleitet. Wie OpenStreetMap Ihre Daten speichert, k\u00f6nnen Sie auf der Datenschutzseite von OpenStreetMap und hier http:\/\/wiki.openstreetmap.org\/wiki\/Legal_FAQ erfahren.<\/p>\n<p><strong>Durchsetzung und Einhaltung dieser Datenschutzerkl\u00e4rungen; Auskunftsrecht<\/strong><br \/>\nWir verpflichten uns, die oben genannten Punkte in Bezug auf den Datenschutz wie beschrieben einzuhalten.<br \/>\nAuf Anforderung teilen wir Ihnen mit, ob und welche pers\u00f6nlichen Daten \u00fcber Sie bei uns gespeichert sind. Sollten trotz unserer Bem\u00fchungen um Datenrichtigkeit und Aktualit\u00e4t falsche Informationen gespeichert sein, werden wir diese auf Ihre Anforderung hin berichtigen. Unabh\u00e4ngig davon k\u00f6nnen Sie unter den Voraussetzungen des Art. 17 DSGVO die L\u00f6schung der bei uns \u00fcber Sie gespeicherten Daten verlangen.<br \/>\nSie haben ein Recht, die Einschr\u00e4nkung der Datenverarbeitung zu verlangen, wenn eine der folgenden Voraussetzungen gegeben ist:<br \/>\n1. wenn die Richtigkeit der personenbezogenen Daten von Ihnen bestritten wird, und zwar f\u00fcr eine Dauer, die es uns erm\u00f6glicht, die Richtigkeit der personenbezogenen Daten zu \u00fcberpr\u00fcfen,<br \/>\n2. wenn die Verarbeitung unrechtm\u00e4\u00dfig ist und Sie die L\u00f6schung der personenbezogenen Daten ablehnen und stattdessen die Einschr\u00e4nkung der Nutzung der personenbezogenen Daten verlangen;<br \/>\n3. wenn wir die personenbezogenen Daten f\u00fcr die Zwecke der Verarbeitung nicht l\u00e4nger ben\u00f6tigen, Sie sie jedoch zur Geltendmachung, Aus\u00fcbung oder Verteidigung von Rechtsanspr\u00fcchen ben\u00f6tigen, oder<br \/>\n4. wenn Sie Widerspruch gegen die Verarbeitung gem\u00e4\u00df Artikel 21 Absatz 1 eingelegt haben, solange noch nicht feststeht, ob die berechtigten Gr\u00fcnde unsererseits gegen\u00fcber Ihren \u00fcberwiegen.<br \/>\nSie haben das Recht, aus Gr\u00fcnden, die sich aus Ihrer besonderen Situation ergeben, jederzeit gegen die Verarbeitung Sie betreffender personenbezogener Daten Widerspruch einzulegen.<br \/>\nSie haben das Recht, die Sie betreffenden personenbezogenen Daten, die sie uns bereitgestellt haben, in einem strukturierten, g\u00e4ngigen und maschinenlesbaren Format zu erhalten, und Sie haben das Recht, diese Daten einem anderen Verantwortlichen ungehindert zu \u00fcbermitteln.<br \/>\nSie haben das Recht, sich bei der zust\u00e4ndigen Aufsichtsbeh\u00f6rde f\u00fcr den Datenschutz zu beschweren.<br \/>\nWenn Sie sonstige Fragen hinsichtlich der Verarbeitung Ihrer pers\u00f6nlichen Daten haben, k\u00f6nnen Sie sich an uns wenden. Ohne Ihre Einwilligung oder gesetzliche Erlaubnis geben wir Ihre Daten nicht an Dritte weiter. Eine erteilte Einwilligung k\u00f6nnen Sie jederzeit widerrufen.<br \/>\n<strong><br \/>\nHaftung<\/strong><br \/>\nBei den Hyperlinks handelt es sich um fremde Inhalte, die nicht von uns erstellt wurden und f\u00fcr deren Richtigkeit daher keine Verantwortung \u00fcbernommen werden kann. Eine Haftung oder Garantie f\u00fcr die Aktualit\u00e4t, Richtigkeit und Vollst\u00e4ndigkeit der zur Verf\u00fcgung gestellten Informationen und Daten ist ausgeschlossen. In keinem Fall haftet wir Ihnen oder Dritten gegen\u00fcber f\u00fcr irgendwelche direkten, indirekten, speziellen oder sonstigen Folgesch\u00e4den, die sich aus der Nutzung dieser oder einer damit verlinkten Website ergeben. Ausgeschlossen ist auch jegliche Haftung f\u00fcr entgangenen Gewinn, Betriebsunterbrechung, Verlust von Programmen oder sonstigen Daten in Ihren Informationssystemen.<\/p>\n<p><strong>Urheberrechte<\/strong><br \/>\nAlle auf unserer Seite ver\u00f6ffentlichen und erstellten Inhalte, Fotos, Logos und Designelemente sind urheberrechtlich gesch\u00fctzt. S\u00e4mtliche Beitr\u00e4ge Dritter sind als solche gekennzeichnet. Eine Verwendung in jedweder Art und Weise, Vervielf\u00e4ltigung, Bearbeitung, Verbreitung sowie jede Art der Verwertung der Inhalte au\u00dferhalb der Grenzen des Urheberrechts \u2013 auch auszugsweise \u2013, bedarf der schriftlichen Zustimmung durch den Leiter des Lauftreffs Hagen-Emst und darf nur unter Hinweis auf die Quelle erfolgen. Die Nutzung von auf dieser Webseite eingestellten Logos ist ohne unsere vorherige schriftliche Erlaubnis nicht zul\u00e4ssig.<\/p>\n","protected":false},"excerpt":{"rendered":"<p>Wir respektieren Ihre Privat- und Pers\u00f6nlichkeitssph\u00e4re. Die Verantwortlichen f\u00fcr diese Website finden Sie hier in der Anbieterkennzeichnung. Wir verpflichten uns, die gesetzlichen Bestimmungen zum Datenschutz, die insbesondere in der EU-Datenschutz-Grundverordnung (DSGVO) und im Telemediengesetz (TMG) geregelt sind, einzuhalten. Wir behandeln &#8230; <a class=\"more-link\" href=\"https:\/\/lauftreffhagen-emst.de\/?page_id=810\">Read More &raquo;<\/a><\/p>\n","protected":false},"author":1,"featured_media":0,"parent":0,"menu_order":0,"comment_status":"closed","ping_status":"closed","template":"","meta":{"footnotes":""},"_links":{"self":[{"href":"https:\/\/lauftreffhagen-emst.de\/index.php?rest_route=\/wp\/v2\/pages\/810"}],"collection":[{"href":"https:\/\/lauftreffhagen-emst.de\/index.php?rest_route=\/wp\/v2\/pages"}],"about":[{"href":"https:\/\/lauftreffhagen-emst.de\/index.php?rest_route=\/wp\/v2\/types\/page"}],"author":[{"embeddable":true,"href":"https:\/\/lauftreffhagen-emst.de\/index.php?rest_route=\/wp\/v2\/users\/1"}],"replies":[{"embeddable":true,"href":"https:\/\/lauftreffhagen-emst.de\/index.php?rest_route=%2Fwp%2Fv2%2Fcomments&post=810"}],"version-history":[{"count":3,"href":"https:\/\/lauftreffhagen-emst.de\/index.php?rest_route=\/wp\/v2\/pages\/810\/revisions"}],"predecessor-version":[{"id":815,"href":"https:\/\/lauftreffhagen-emst.de\/index.php?rest_route=\/wp\/v2\/pages\/810\/revisions\/815"}],"wp:attachment":[{"href":"https:\/\/lauftreffhagen-emst.de\/index.php?rest_route=%2Fwp%2Fv2%2Fmedia&parent=810"}],"curies":[{"name":"wp","href":"https:\/\/api.w.org\/{rel}","templated":true}]}}