{"id":166,"date":"2014-11-21T12:23:25","date_gmt":"2014-11-21T12:23:25","guid":{"rendered":"http:\/\/wordpress.lauftreffhagen-emst.de\/?page_id=166"},"modified":"2023-05-23T10:14:51","modified_gmt":"2023-05-23T10:14:51","slug":"ueberuns","status":"publish","type":"page","link":"https:\/\/lauftreffhagen-emst.de\/?page_id=166","title":{"rendered":"wir \u00fcber uns"},"content":{"rendered":"<p><span lang=\"en-US\"><b>You\u00b4ll never walk or run alone:<\/b><\/span><\/p>\n<p>Seit 1988 drehen wir zweimal in der Woche \u2013 dienstags und freitags &#8211; unsere Runden in und um Hagen-Emst herum. Wir m\u00f6chten Freude am Laufen und (Nordic-)Walken vermitteln &#8211; fordern, aber \u00fcberfordern uns nicht.<\/p>\n<p><b>Das \u201eMedikament der Zukunft\u201c hei\u00dft Bewegung:<\/b><\/p>\n<p>Bei uns sind von Laufeinsteigern bis zu \u201eMarathonis\u201c nahezu alle Leistungsst\u00e4nde vertreten, sodass sich bestimmt f\u00fcr jede Frau oder jeden Mann eine passende Trainingsgruppe findet.<\/p>\n<p>Ganz egal, ob es lediglich um regelm\u00e4\u00dfige Bewegung an frischer Luft oder um ehrgeizige Pl\u00e4ne f\u00fcr den n\u00e4chsten Wettkampf geht: Wir laufen ungef\u00e4hr 60 Minuten in unterschiedlich schnellen Gruppen unter kompetenter Anleitung und legen dabei Strecken zwischen 6 &#8211; 11 km zur\u00fcck. Unsere erfahrenen, ehrenamtlichen Lauftreffleiter\/innen stehen mit Rat &amp; Tat immer gern zur Seite.<\/p>\n<p><!--Die Teilnahme am Lauftreff ist kostenlos \u2013 -->Wir sind dem TSV Hagen 1860 e. V. angeschlossen und bei verschiedenen Verb\u00e4nden (FLVW, DOSB, DLV) gemeldet.<\/p>\n<p><strong>Zum Download:<\/strong> <a href=\"https:\/\/lauftreffhagen-emst.de\/wp-content\/uploads\/2021\/11\/Faltblatt-LTEmst.pdf\" target=\"_blank\" rel=\"noopener\">Unser Flyer (pdf)<\/a><\/p>\n\n\n<p><\/p>\n","protected":false},"excerpt":{"rendered":"<p>You\u00b4ll never walk or run alone: Seit 1988 drehen wir zweimal in der Woche \u2013 dienstags und freitags &#8211; unsere Runden in und um Hagen-Emst herum. Wir m\u00f6chten Freude am Laufen und (Nordic-)Walken vermitteln &#8211; fordern, aber \u00fcberfordern uns nicht. &#8230; <a class=\"more-link\" href=\"https:\/\/lauftreffhagen-emst.de\/?page_id=166\">Read More &raquo;<\/a><\/p>\n","protected":false},"author":1,"featured_media":0,"parent":0,"menu_order":0,"comment_status":"closed","ping_status":"closed","template":"","meta":{"footnotes":""},"_links":{"self":[{"href":"https:\/\/lauftreffhagen-emst.de\/index.php?rest_route=\/wp\/v2\/pages\/166"}],"collection":[{"href":"https:\/\/lauftreffhagen-emst.de\/index.php?rest_route=\/wp\/v2\/pages"}],"about":[{"href":"https:\/\/lauftreffhagen-emst.de\/index.php?rest_route=\/wp\/v2\/types\/page"}],"author":[{"embeddable":true,"href":"https:\/\/lauftreffhagen-emst.de\/index.php?rest_route=\/wp\/v2\/users\/1"}],"replies":[{"embeddable":true,"href":"https:\/\/lauftreffhagen-emst.de\/index.php?rest_route=%2Fwp%2Fv2%2Fcomments&post=166"}],"version-history":[{"count":10,"href":"https:\/\/lauftreffhagen-emst.de\/index.php?rest_route=\/wp\/v2\/pages\/166\/revisions"}],"predecessor-version":[{"id":1598,"href":"https:\/\/lauftreffhagen-emst.de\/index.php?rest_route=\/wp\/v2\/pages\/166\/revisions\/1598"}],"wp:attachment":[{"href":"https:\/\/lauftreffhagen-emst.de\/index.php?rest_route=%2Fwp%2Fv2%2Fmedia&parent=166"}],"curies":[{"name":"wp","href":"https:\/\/api.w.org\/{rel}","templated":true}]}}