{"id":153,"date":"2014-11-21T09:06:53","date_gmt":"2014-11-21T09:06:53","guid":{"rendered":"http:\/\/wordpress.lauftreffhagen-emst.de\/?page_id=153"},"modified":"2024-04-11T21:45:16","modified_gmt":"2024-04-11T19:45:16","slug":"impressum","status":"publish","type":"page","link":"https:\/\/lauftreffhagen-emst.de\/?page_id=153","title":{"rendered":"Impressum"},"content":{"rendered":"<p><strong>Dieses ist der private Internet-Auftritt des Lauftreffs Hagen-Emst<\/strong><\/p>\n<p><strong><br \/>\nLauftreffleiter<\/strong><\/p>\n<p>Andreas Kurz<br \/>\nTel. 02331 67777 (TSV Hagen 1860)<br \/>\nMail: info(\u00e4t)tsvhagen1860.de<\/p>\n<p><strong>Web-Administration<\/strong><\/p>\n<p>Michael Schr\u00f6der<br \/>\nTel. 02331 67777<br \/>\nE-Mail: lauftreff(\u00e4t)tsvhagen1860.de<\/p>\n<p><strong>Haftungshinweis<\/strong><\/p>\n<p>Trotz sorgf\u00e4ltiger inhaltlicher Kontrolle \u00fcbernehmen wir keine Haftung f\u00fcr die Inhalte externer Links. F\u00fcr den Inhalt der verlinkten Seiten sind ausschlie\u00dflich deren Betreiber verantwortlich.<\/p>\n","protected":false},"excerpt":{"rendered":"<p>Dieses ist der private Internet-Auftritt des Lauftreffs Hagen-Emst Lauftreffleiter Andreas Kurz Tel. 02331 67777 (TSV Hagen 1860) Mail: info(\u00e4t)tsvhagen1860.de Web-Administration Michael Schr\u00f6der Tel. 02331 67777 E-Mail: lauftreff(\u00e4t)tsvhagen1860.de Haftungshinweis Trotz sorgf\u00e4ltiger inhaltlicher Kontrolle \u00fcbernehmen wir keine Haftung f\u00fcr die Inhalte externer &#8230; <a class=\"more-link\" href=\"https:\/\/lauftreffhagen-emst.de\/?page_id=153\">Read More &raquo;<\/a><\/p>\n","protected":false},"author":1,"featured_media":0,"parent":0,"menu_order":0,"comment_status":"closed","ping_status":"closed","template":"","meta":{"footnotes":""},"_links":{"self":[{"href":"https:\/\/lauftreffhagen-emst.de\/index.php?rest_route=\/wp\/v2\/pages\/153"}],"collection":[{"href":"https:\/\/lauftreffhagen-emst.de\/index.php?rest_route=\/wp\/v2\/pages"}],"about":[{"href":"https:\/\/lauftreffhagen-emst.de\/index.php?rest_route=\/wp\/v2\/types\/page"}],"author":[{"embeddable":true,"href":"https:\/\/lauftreffhagen-emst.de\/index.php?rest_route=\/wp\/v2\/users\/1"}],"replies":[{"embeddable":true,"href":"https:\/\/lauftreffhagen-emst.de\/index.php?rest_route=%2Fwp%2Fv2%2Fcomments&post=153"}],"version-history":[{"count":7,"href":"https:\/\/lauftreffhagen-emst.de\/index.php?rest_route=\/wp\/v2\/pages\/153\/revisions"}],"predecessor-version":[{"id":2951,"href":"https:\/\/lauftreffhagen-emst.de\/index.php?rest_route=\/wp\/v2\/pages\/153\/revisions\/2951"}],"wp:attachment":[{"href":"https:\/\/lauftreffhagen-emst.de\/index.php?rest_route=%2Fwp%2Fv2%2Fmedia&parent=153"}],"curies":[{"name":"wp","href":"https:\/\/api.w.org\/{rel}","templated":true}]}}